{"id":5090,"date":"2018-12-17T21:43:58","date_gmt":"2018-12-17T19:43:58","guid":{"rendered":"http:\/\/www.das-lektorat.com\/?page_id=5090"},"modified":"2024-04-26T09:56:32","modified_gmt":"2024-04-26T07:56:32","slug":"start","status":"publish","type":"page","link":"https:\/\/www.das-lektorat.com\/","title":{"rendered":"Start"},"content":{"rendered":"<p>[et_pb_section fb_built=&#8221;1&#8243; fullwidth=&#8221;on&#8221; _builder_version=&#8221;4.16&#8243; global_colors_info=&#8221;{}&#8221;][et_pb_fullwidth_header header_fullscreen=&#8221;on&#8221; _builder_version=&#8221;4.16&#8243; background_color=&#8221;#ffffff&#8221; background_image=&#8221;http:\/\/www.das-lektorat.com\/wp-content\/uploads\/2018\/12\/lektorat-background.jpg&#8221; global_colors_info=&#8221;{}&#8221;]<\/p>\n<p><img loading=\"lazy\" src=\"http:\/\/www.das-lektorat.com\/wp-content\/uploads\/2018\/12\/logo-outline.jpg\" width=\"170\" height=\"168\" alt=\"\" class=\"wp-image-5094 alignleft size-full\" \/><br \/> <span style=\"font-size: x-large;\">Saubere Texte. Deutsch und fremdsprachig.\u00a0<\/span><\/p>\n<p><span style=\"font-size: x-large;\">Alles aus einer Hand!<\/span> \u00a0<\/p>\n<p>&nbsp;<\/p>\n<h1><strong>DAS LEKTORAT.<\/strong><\/h1>\n<p>[\/et_pb_fullwidth_header][\/et_pb_section][et_pb_section fb_built=&#8221;1&#8243; module_id=&#8221;start&#8221; _builder_version=&#8221;4.16&#8243; global_colors_info=&#8221;{}&#8221;][et_pb_row _builder_version=&#8221;4.16&#8243; global_colors_info=&#8221;{}&#8221;][et_pb_column type=&#8221;4_4&#8243; _builder_version=&#8221;4.16&#8243; custom_padding=&#8221;|||&#8221; global_colors_info=&#8221;{}&#8221; custom_padding__hover=&#8221;|||&#8221;][et_pb_text _builder_version=&#8221;4.16&#8243; global_colors_info=&#8221;{}&#8221;]<\/p>\n<h2 class=\"parallax-title \" style=\"text-align: center;\"><span>DAS LEKTORAT.<\/span><\/h2>\n<div class=\"lead\">\n<p style=\"text-align: center;\">Korrektur, \u00dcbersetzung, Text.<\/p>\n<p style=\"text-align: center;\">Perfektion f\u00fcr Werbetexte, PR und Unternehmenskommunikation! Wir sind Ihre erste Adresse f\u00fcr hochwertige Deutsch- und Fremdsprachenkorrekturen, fehlerfreie \u00dcbersetzungen sowie f\u00fcr die Neuerstellung von punktgenauen, deutschen und fremdsprachigen Texten.<\/p>\n<\/div>\n<p>[\/et_pb_text][et_pb_image src=&#8221;http:\/\/www.das-lektorat.com\/wp-content\/uploads\/2014\/08\/logo.png&#8221; align=&#8221;center&#8221; align_tablet=&#8221;center&#8221; align_phone=&#8221;center&#8221; align_last_edited=&#8221;on|desktop&#8221; _builder_version=&#8221;4.16&#8243; max_width=&#8221;24%&#8221; global_colors_info=&#8221;{}&#8221;][\/et_pb_image][\/et_pb_column][\/et_pb_row][\/et_pb_section][et_pb_section fb_built=&#8221;1&#8243; fullwidth=&#8221;on&#8221; module_id=&#8221;lektorat&#8221; _builder_version=&#8221;4.16&#8243; background_image=&#8221;http:\/\/www.das-lektorat.com\/wp-content\/uploads\/2014\/10\/2.jpg&#8221; parallax=&#8221;on&#8221; custom_margin=&#8221;||&#8221; custom_padding=&#8221;||&#8221; filter_saturate=&#8221;80%&#8221; box_shadow_style=&#8221;preset2&#8243; global_colors_info=&#8221;{}&#8221;][et_pb_fullwidth_header title=&#8221;\u2714 LEKTORAT + KORREKTUR&#8221; text_orientation=&#8221;center&#8221; _builder_version=&#8221;4.16&#8243; background_image=&#8221;http:\/\/www.das-lektorat.com\/wp-content\/uploads\/2014\/10\/2.jpg&#8221; parallax=&#8221;on&#8221; parallax_method=&#8221;on&#8221; global_colors_info=&#8221;{}&#8221;]<\/p>\n<p><span>Saubere, fehlerfreie Texte unterstreichen anspruchsvolle Unternehmensphilosophie und kommunizieren Werte!<\/span><\/p>\n<p>[\/et_pb_fullwidth_header][\/et_pb_section][et_pb_section fb_built=&#8221;1&#8243; _builder_version=&#8221;4.16&#8243; global_colors_info=&#8221;{}&#8221;][et_pb_row _builder_version=&#8221;4.16&#8243; custom_padding=&#8221;0|0px|0|0px|false|false&#8221; global_colors_info=&#8221;{}&#8221;][et_pb_column type=&#8221;4_4&#8243; _builder_version=&#8221;4.16&#8243; custom_padding=&#8221;|||&#8221; global_colors_info=&#8221;{}&#8221; custom_padding__hover=&#8221;|||&#8221;][et_pb_text _builder_version=&#8221;4.16&#8243; global_colors_info=&#8221;{}&#8221;]<\/p>\n<div data-effect=\"slideInLeft\" class=\"ut-one-half  animated slideInLeft\">\n<h2>LEKTORAT + KORREKTUR<\/h2>\n<p>&nbsp;<\/p>\n<\/div>\n<div data-effect=\"slideInRight\" class=\"ut-one-half ut-column-last  animated slideInRight\"><\/div>\n<p>[\/et_pb_text][\/et_pb_column][\/et_pb_row][et_pb_row column_structure=&#8221;1_2,1_2&#8243; _builder_version=&#8221;4.16&#8243; custom_padding=&#8221;0|0px|27px|0px|false|false&#8221; global_colors_info=&#8221;{}&#8221;][et_pb_column type=&#8221;1_2&#8243; _builder_version=&#8221;4.16&#8243; custom_padding=&#8221;|||&#8221; global_colors_info=&#8221;{}&#8221; custom_padding__hover=&#8221;|||&#8221;][et_pb_text _builder_version=&#8221;4.16&#8243; global_colors_info=&#8221;{}&#8221;]<\/p>\n<p>Unsere muttersprachlichen, topqualifizierten Lektoren pr\u00fcfen deutsche und fremdsprachige Texte in mindestens zwei Korrekturstufen. Verlassen Sie sich auf detaillierte Korrektur von Rechtschreibung, Grammatik, Stil, Logik und Typographie! Fachspezifische Schreibweisen recherchieren wir lexikalisch und online. Im Deutschen korrigieren wir Duden-konform nach der neuen Rechtschreibung, in Fremdsprachen nach den jeweils g\u00fcltigen, aktuellen Orthographieregeln.<\/p>\n<p>[\/et_pb_text][\/et_pb_column][et_pb_column type=&#8221;1_2&#8243; _builder_version=&#8221;4.16&#8243; custom_padding=&#8221;|||&#8221; global_colors_info=&#8221;{}&#8221; custom_padding__hover=&#8221;|||&#8221;][et_pb_text _builder_version=&#8221;4.17.1&#8243; global_colors_info=&#8221;{}&#8221;]<\/p>\n<p>Wir ber\u00fccksichtigen Ihre Corporate Language und sichern Ihre unternehmensspezifischen Marken- und Produktschreibweisen. Auf Wunsch pr\u00fcfen wir \u00fcberdies die Tonalit\u00e4t Ihrer Texte und bieten eine komplette \u00dcberarbeitung oder Neuerstellung an.<\/p>\n<p><a href=\"mailto:mail@das-lektorat.com\" target=\"_blank\" rel=\"noopener\"><strong><span>&gt;<\/span><span>\u00a0<\/span>Fragen Sie Ihr unverbindliches Angebot an!<\/strong><\/a><\/p>\n<p>[\/et_pb_text][\/et_pb_column][\/et_pb_row][\/et_pb_section][et_pb_section fb_built=&#8221;1&#8243; fullwidth=&#8221;on&#8221; module_id=&#8221;uebersetzung&#8221; _builder_version=&#8221;4.16&#8243; background_image=&#8221;http:\/\/www.das-lektorat.com\/wp-content\/uploads\/2014\/04\/uebersetzungen.jpg&#8221; parallax=&#8221;on&#8221; filter_saturate=&#8221;80%&#8221; box_shadow_style=&#8221;preset2&#8243; global_colors_info=&#8221;{}&#8221;][et_pb_fullwidth_header title=&#8221;\u2714 \u00dcBERSETZUNG&#8221; subhead=&#8221;Exakte Wiedergabe oder kreative Adaption? Unsere \u00dcbersetzer richten sich genau nach Ihren Vorgaben!&#8221; text_orientation=&#8221;center&#8221; _builder_version=&#8221;4.16&#8243; background_image=&#8221;http:\/\/www.das-lektorat.com\/wp-content\/uploads\/2014\/04\/uebersetzungen.jpg&#8221; parallax=&#8221;on&#8221; parallax_method=&#8221;on&#8221; global_colors_info=&#8221;{}&#8221;][\/et_pb_fullwidth_header][\/et_pb_section][et_pb_section fb_built=&#8221;1&#8243; _builder_version=&#8221;4.16&#8243; global_colors_info=&#8221;{}&#8221;][et_pb_row _builder_version=&#8221;4.16&#8243; custom_padding=&#8221;0|0px|0|0px|false|false&#8221; global_colors_info=&#8221;{}&#8221;][et_pb_column type=&#8221;4_4&#8243; _builder_version=&#8221;4.16&#8243; custom_padding=&#8221;|||&#8221; global_colors_info=&#8221;{}&#8221; custom_padding__hover=&#8221;|||&#8221;][et_pb_text _builder_version=&#8221;4.16&#8243; global_colors_info=&#8221;{}&#8221;]<\/p>\n<div data-effect=\"slideInLeft\" class=\"ut-one-half  animated slideInLeft\">\n<h2>\u00dcBERSETZUNG + ADAPTION<\/h2>\n<\/div>\n<p>&nbsp;<\/p>\n<div data-effect=\"slideInRight\" class=\"ut-one-half ut-column-last  animated slideInRight\"><\/div>\n<p>[\/et_pb_text][\/et_pb_column][\/et_pb_row][et_pb_row column_structure=&#8221;1_2,1_2&#8243; _builder_version=&#8221;4.16&#8243; custom_padding=&#8221;0|0px|27px|0px|false|false&#8221; global_colors_info=&#8221;{}&#8221;][et_pb_column type=&#8221;1_2&#8243; _builder_version=&#8221;4.16&#8243; custom_padding=&#8221;|||&#8221; global_colors_info=&#8221;{}&#8221; custom_padding__hover=&#8221;|||&#8221;][et_pb_text _builder_version=&#8221;4.16&#8243; global_colors_info=&#8221;{}&#8221;]<\/p>\n<p>Kundenwunsch und Ergebnisqualit\u00e4t stehen bei unseren \u00dcbersetzungen an vorderster Stelle. Deshalb lassen wir an Ihre Texte nur kommunikations- und branchenkompetente Native Speaker.<\/p>\n<p>Unser Portfolio umfasst \u2013 in beide Sprachrichtungen \u2013 s\u00e4mtliche west- und osteurop\u00e4ischen Sprachen sowie Arabisch, Japanisch und Chinesisch.<\/p>\n<p>[\/et_pb_text][\/et_pb_column][et_pb_column type=&#8221;1_2&#8243; _builder_version=&#8221;4.16&#8243; custom_padding=&#8221;|||&#8221; global_colors_info=&#8221;{}&#8221; custom_padding__hover=&#8221;|||&#8221;][et_pb_text _builder_version=&#8221;4.17.1&#8243; global_colors_info=&#8221;{}&#8221;]<\/p>\n<p>Wir bieten professionellen Support bei der Verwendung von diakritischen Zeichen, die bei einigen osteurop\u00e4ischen Sprachen eine Rolle spielen. Au\u00dferdem unterst\u00fctzen wir bei der Erstellung von Textsatz in nichtlateinischen Schriften wie Russisch, Chinesisch, Japanisch oder Arabisch.<\/p>\n<p><a href=\"mailto:mail@das-lektorat.com\" target=\"_blank\" rel=\"noopener\"><strong><span>&gt;<\/span><span>\u00a0<\/span>Fragen Sie Ihr unverbindliches Angebot an!<\/strong><\/a><\/p>\n<p>[\/et_pb_text][\/et_pb_column][\/et_pb_row][\/et_pb_section][et_pb_section fb_built=&#8221;1&#8243; fullwidth=&#8221;on&#8221; module_id=&#8221;text&#8221; _builder_version=&#8221;4.16&#8243; global_colors_info=&#8221;{}&#8221;][et_pb_fullwidth_header title=&#8221;\u2714 TEXT&#8221; text_orientation=&#8221;center&#8221; _builder_version=&#8221;4.16&#8243; background_image=&#8221;http:\/\/www.das-lektorat.com\/wp-content\/uploads\/2013\/10\/texterstellung.jpg&#8221; parallax=&#8221;on&#8221; parallax_method=&#8221;on&#8221; filter_saturate=&#8221;80%&#8221; animation_style=&#8221;fade&#8221; box_shadow_style=&#8221;preset2&#8243; global_colors_info=&#8221;{}&#8221;]<\/p>\n<p><span>Frisch, spektakul\u00e4r, aus unserer eigenen Kreation.\u00a0<\/span><br \/> <span>Fehlerfreie Texte und Konzepte!<\/span><\/p>\n<p>[\/et_pb_fullwidth_header][\/et_pb_section][et_pb_section fb_built=&#8221;1&#8243; _builder_version=&#8221;4.16&#8243; global_colors_info=&#8221;{}&#8221;][et_pb_row _builder_version=&#8221;4.16&#8243; custom_padding=&#8221;0|0px|0|0px|false|false&#8221; global_colors_info=&#8221;{}&#8221;][et_pb_column type=&#8221;4_4&#8243; _builder_version=&#8221;4.16&#8243; custom_padding=&#8221;|||&#8221; global_colors_info=&#8221;{}&#8221; custom_padding__hover=&#8221;|||&#8221;][et_pb_text _builder_version=&#8221;4.16&#8243; global_colors_info=&#8221;{}&#8221;]<\/p>\n<div data-effect=\"slideInLeft\" class=\"ut-one-half  animated slideInLeft\">\n<h2>TEXT + KONZEPT<\/h2>\n<\/div>\n<p>&nbsp;<\/p>\n<div data-effect=\"slideInRight\" class=\"ut-one-half ut-column-last  animated slideInRight\"><\/div>\n<p>[\/et_pb_text][\/et_pb_column][\/et_pb_row][et_pb_row column_structure=&#8221;1_2,1_2&#8243; _builder_version=&#8221;4.16&#8243; custom_padding=&#8221;0|0px|27px|0px|false|false&#8221; global_colors_info=&#8221;{}&#8221;][et_pb_column type=&#8221;1_2&#8243; _builder_version=&#8221;4.16&#8243; custom_padding=&#8221;|||&#8221; global_colors_info=&#8221;{}&#8221; custom_padding__hover=&#8221;|||&#8221;][et_pb_text _builder_version=&#8221;4.16&#8243; global_colors_info=&#8221;{}&#8221;]<\/p>\n<p>Kreativtexter, die Ihre Unternehmenskommunikation konzis und eloquent auf den Punkt bringen und zwischen Print, Online und mehreren Sprachen barrierefrei wechseln k\u00f6nnen, sind gefragter denn je.<\/p>\n<p>Unser Team kann\u02bcs! Wir haben die branchenkompetenten Copywriter mit der stilsicheren Schreibe, mit soliden Konzepten und starken Kampagnen.<\/p>\n<p>[\/et_pb_text][\/et_pb_column][et_pb_column type=&#8221;1_2&#8243; _builder_version=&#8221;4.16&#8243; custom_padding=&#8221;|||&#8221; global_colors_info=&#8221;{}&#8221; custom_padding__hover=&#8221;|||&#8221;][et_pb_text _builder_version=&#8221;4.17.1&#8243; global_colors_info=&#8221;{}&#8221;]<\/p>\n<p>Langj\u00e4hrige Erfahrung sticht \u2013 wir liefern alles vom Claim bis zum kompletten Webcontent. Und das Beste? Ihre Texte sind bereits lektoriert und korrigiert, wenn Sie sie erhalten.<\/p>\n<p>Wir texten deutsch, englisch und franz\u00f6sisch.<span>\u00a0<\/span><a href=\"mailto:mail@das-lektorat.com\"><strong><span>&gt;<\/span><span>\u00a0<\/span>Bitte fordern Sie Ihr unverbindliches Angebot an<\/strong><\/a>, und kontaktieren Sie uns zur Besprechung Ihrer Textkreation in weiteren Sprachen direkt!<\/p>\n<p>[\/et_pb_text][\/et_pb_column][\/et_pb_row][\/et_pb_section][et_pb_section fb_built=&#8221;1&#8243; fullwidth=&#8221;on&#8221; module_id=&#8221;team&#8221; _builder_version=&#8221;4.16&#8243; global_colors_info=&#8221;{}&#8221;][et_pb_fullwidth_header title=&#8221;\u2714 TEAM&#8221; text_orientation=&#8221;center&#8221; _builder_version=&#8221;4.16&#8243; background_image=&#8221;http:\/\/www.das-lektorat.com\/wp-content\/uploads\/2014\/03\/team.jpg&#8221; parallax=&#8221;on&#8221; parallax_method=&#8221;on&#8221; box_shadow_style=&#8221;preset2&#8243; global_colors_info=&#8221;{}&#8221;][\/et_pb_fullwidth_header][\/et_pb_section][et_pb_section fb_built=&#8221;1&#8243; _builder_version=&#8221;4.16&#8243; global_colors_info=&#8221;{}&#8221;][et_pb_row column_structure=&#8221;2_5,3_5&#8243; _builder_version=&#8221;4.16&#8243; custom_padding=&#8221;6px|0px|27px|0px|false|false&#8221; global_colors_info=&#8221;{}&#8221;][et_pb_column type=&#8221;2_5&#8243; _builder_version=&#8221;4.16&#8243; custom_padding=&#8221;|||&#8221; global_colors_info=&#8221;{}&#8221; custom_padding__hover=&#8221;|||&#8221;][et_pb_image src=&#8221;http:\/\/www.das-lektorat.com\/wp-content\/uploads\/2014\/10\/alex-ziegler.jpg&#8221; align_tablet=&#8221;center&#8221; align_phone=&#8221;center&#8221; align_last_edited=&#8221;on|desktop&#8221; _builder_version=&#8221;4.16&#8243; global_colors_info=&#8221;{}&#8221;][\/et_pb_image][\/et_pb_column][et_pb_column type=&#8221;3_5&#8243; _builder_version=&#8221;4.16&#8243; custom_padding=&#8221;|||&#8221; global_colors_info=&#8221;{}&#8221; custom_padding__hover=&#8221;|||&#8221;][et_pb_text _builder_version=&#8221;4.17.1&#8243; global_colors_info=&#8221;{}&#8221;]<\/p>\n<h2>TOP-TEAM + PREMIUMQUALIT\u00c4T<\/h2>\n<p>Nutzen Sie die starken Kompetenzen unseres Teams: Profitieren Sie von Premiumqualit\u00e4t und Spitzenservice! Das Lektorat besteht aus marketingerfahrenen Korrektorenprofis. Unsere muttersprachlichen Texter und \u00dcbersetzer \u00fcberzeugen mit profunder Expertise in vielen Branchen. Mit Gesp\u00fcr f\u00fcr Kommunikation und Marken gew\u00e4hrleisten wir nicht nur die pr\u00e4zise Text\u00fcbertragung, sondern auch die richtige Tonalit\u00e4t bei der Textadaption.<\/p>\n<p><a href=\"mailto:mail@das-lektorat.com\" target=\"_blank\" rel=\"noopener\"><strong><span>&gt;<\/span><span>\u00a0<\/span>H\u00f6chste Zeit, dass wir uns kennenlernen. Kontaktieren Sie uns!<\/strong><\/a><\/p>\n<p>[\/et_pb_text][\/et_pb_column][\/et_pb_row][\/et_pb_section][et_pb_section fb_built=&#8221;1&#8243; module_id=&#8221;kunden&#8221; _builder_version=&#8221;4.16&#8243; background_color=&#8221;#000000&#8243; global_colors_info=&#8221;{}&#8221;][et_pb_row _builder_version=&#8221;4.16&#8243; global_colors_info=&#8221;{}&#8221;][et_pb_column type=&#8221;4_4&#8243; _builder_version=&#8221;4.16&#8243; custom_padding=&#8221;|||&#8221; global_colors_info=&#8221;{}&#8221; custom_padding__hover=&#8221;|||&#8221;][et_pb_text _builder_version=&#8221;4.16&#8243; header_font=&#8221;||||||||&#8221; header_2_font=&#8221;||||||||&#8221; header_2_text_color=&#8221;#ffffff&#8221; global_colors_info=&#8221;{}&#8221;]<\/p>\n<h2 class=\"section-title \" style=\"text-align: center;\"><span>\u2714 GL\u00dcCKLICHE KUNDEN<\/span><\/h2>\n<p>[\/et_pb_text][\/et_pb_column][\/et_pb_row][et_pb_row column_structure=&#8221;1_3,1_3,1_3&#8243; _builder_version=&#8221;4.16&#8243; global_colors_info=&#8221;{}&#8221;][et_pb_column type=&#8221;1_3&#8243; _builder_version=&#8221;4.16&#8243; custom_padding=&#8221;|||&#8221; global_colors_info=&#8221;{}&#8221; custom_padding__hover=&#8221;|||&#8221;][et_pb_text _builder_version=&#8221;4.16&#8243; global_colors_info=&#8221;{}&#8221;]<\/p>\n<ul>\n<li>Alverde<\/li>\n<li>Amazon<\/li>\n<li>Audi<\/li>\n<li>BayWa<\/li>\n<li>Biodroga Kosmetik<\/li>\n<li>Bizz\u2019up<\/li>\n<li>BMW<\/li>\n<li>Bodystreet<\/li>\n<li>BSH Bosch Siemens Hausger\u00e4te<\/li>\n<li>CEWE Foto-Service<\/li>\n<li>CommerzFinanz<\/li>\n<li>Continental<\/li>\n<li>Costa Lines<\/li>\n<li>Dallmayr<\/li>\n<li>Deutsche Telekom<\/li>\n<li>Ducati<\/li>\n<li>ETFlab Investment<\/li>\n<li>Everdrop<\/li>\n<li>GE Capital<\/li>\n<li>Gira<\/li>\n<li>Goethe Institut<\/li>\n<\/ul>\n<p>[\/et_pb_text][\/et_pb_column][et_pb_column type=&#8221;1_3&#8243; _builder_version=&#8221;4.16&#8243; custom_padding=&#8221;|||&#8221; global_colors_info=&#8221;{}&#8221; custom_padding__hover=&#8221;|||&#8221;][et_pb_text _builder_version=&#8221;4.16&#8243; global_colors_info=&#8221;{}&#8221;]<\/p>\n<ul>\n<li>Grenke<\/li>\n<li>Gruner + Jahr<\/li>\n<li>Guhl Ikebana Hair Care<\/li>\n<li>Heine Optotechnik<\/li>\n<li>Hubert Burda Medien Park Verlage<\/li>\n<li>HypoVereinsbank-UniCredit<\/li>\n<li>ifb Fortbildungsinstitut<\/li>\n<li>Imperial Tobacco<\/li>\n<li>Jochen Schweizer<\/li>\n<li>K\u00e4fer Feinkost<\/li>\n<li>Kathrein<\/li>\n<li>Kempinski Hotels &amp; Resorts<\/li>\n<li>Konen<\/li>\n<li>Kuka<\/li>\n<li>Mercedes-Benz<\/li>\n<li>Moxa<\/li>\n<li>M\u00fcnchner Gesellschaft f\u00fcr Stadterneuerung<\/li>\n<li>Nemetschek SE<\/li>\n<li>Novotel<\/li>\n<li>Pioneer Investments<\/li>\n<li>Polyband<\/li>\n<\/ul>\n<p>[\/et_pb_text][\/et_pb_column][et_pb_column type=&#8221;1_3&#8243; _builder_version=&#8221;4.16&#8243; custom_padding=&#8221;|||&#8221; global_colors_info=&#8221;{}&#8221; custom_padding__hover=&#8221;|||&#8221;][et_pb_text _builder_version=&#8221;4.16&#8243; global_colors_info=&#8221;{}&#8221;]<\/p>\n<ul>\n<li>Pulsion<\/li>\n<li>Q Cells<\/li>\n<li>Rathgeber<\/li>\n<li>R+W Kupplungen<\/li>\n<li>Sanacorp<\/li>\n<li>Sch\u00f6rghuber T\u00fcren<\/li>\n<li>Setra Omnibusse<\/li>\n<li>Sharp Solar<\/li>\n<li>SimonsVoss<\/li>\n<li>Soci\u00e9t\u00e9 G\u00e9n\u00e9rale Securities Services<\/li>\n<li>Sopra Steria<\/li>\n<li>Stabilo<\/li>\n<li>T\u00dcV Bayern<\/li>\n<li>TYFO<\/li>\n<li>Unilever Foodsolutions<\/li>\n<li>Volvo<\/li>\n<li>Vauen<\/li>\n<li>Wacker Chemie<\/li>\n<li>Webasto<\/li>\n<li>Wipro<\/li>\n<li>W\u00f6hner<\/li>\n<\/ul>\n<p>[\/et_pb_text][\/et_pb_column][\/et_pb_row][\/et_pb_section][et_pb_section fb_built=&#8221;1&#8243; module_id=&#8221;kontakt&#8221; _builder_version=&#8221;4.16&#8243; background_image=&#8221;http:\/\/www.das-lektorat.com\/wp-content\/uploads\/2014\/11\/kontakt1.jpg&#8221; parallax=&#8221;on&#8221; global_colors_info=&#8221;{}&#8221;][et_pb_row column_structure=&#8221;1_2,1_2&#8243; _builder_version=&#8221;4.16&#8243; global_colors_info=&#8221;{}&#8221;][et_pb_column type=&#8221;1_2&#8243; _builder_version=&#8221;4.16&#8243; custom_padding=&#8221;|||&#8221; global_colors_info=&#8221;{}&#8221; custom_padding__hover=&#8221;|||&#8221;][et_pb_text _builder_version=&#8221;4.16&#8243; background_color=&#8221;rgba(255,255,255,0.32)&#8221; width=&#8221;100%&#8221; custom_margin=&#8221;||&#8221; custom_padding=&#8221;20px|20px|20px|20px|true|true&#8221; global_colors_info=&#8221;{}&#8221;]<\/p>\n<h3>KONTAKT + IMPRESSUM<\/h3>\n<h3>Das Lektorat.<\/h3>\n<p>Alexander Ziegler GmbH<br \/>Jakob-Strobl-Stra\u00dfe 2<br \/>82031 Gr\u00fcnwald<\/p>\n<p>Telefon: (0 89) 64 95 59 95<br \/><i class=\"fa-li fa fa-envelope-o\"><\/i><a href=\"mailto:mail@das-lektorat.com\">mail@das-lektorat.com<br \/><\/a><i class=\"fa-li fa fa-globe\"><\/i><a href=\"https:\/\/www.das-lektorat.com\/\">www.das-lektorat.com<\/a><\/p>\n<p>Gesch\u00e4ftsf\u00fchrender Gesellschafter: Alexander Ziegler<br \/>Handelsregister: Amtsgericht M\u00fcnchen, HRB 165420<br \/>USt.-Id.-Nr.: DE 252 388 394<\/p>\n<p>Die Informationen \u00fcber die Firmenidentit\u00e4t entsprechen dem \u00a7 6 Teledienstgesetz vom 22. Juli 1997 (BGBl. I, S. 1870), zuletzt ge\u00e4ndert durch Artikel 1 des Gesetzes \u00fcber rechtliche Rahmenbedingungen f\u00fcr den elektronischen Gesch\u00e4ftsverkehr vom 14. Dezember 2001 (BGBl. I, S. 3721).<\/p>\n<p>Die Informationen auf diesen Seiten wurden sorgf\u00e4ltig erarbeitet. F\u00fcr Richtigkeit und Vollst\u00e4ndigkeit kann gleichwohl keine Gew\u00e4hr \u00fcbernommen werden. Aus diesem Grund ist eine Haftung f\u00fcr eventuelle Sch\u00e4den im Zusammenhang mit der Nutzung des Informationsangebots ausgeschlossen.<\/p>\n<p>Der gesamte Inhalt dieser Website unterliegt dem Urheberrecht. Unerlaubte Verwendung, Reproduktion oder Wiedergabe des Inhalts oder von Teilen des Inhalts ist ausdr\u00fccklich untersagt. Wegen einer Erlaubnis zur Nutzung wenden Sie sich bitte an den Herausgeber.<\/p>\n<p>Gerichtsstand ist, wenn nicht ausdr\u00fccklich abweichend vereinbart, M\u00fcnchen.<\/p>\n<p>Verantwortlich f\u00fcr den Inhalt ist Alexander Ziegler.<\/p>\n<p>[\/et_pb_text][\/et_pb_column][et_pb_column type=&#8221;1_2&#8243; _builder_version=&#8221;4.16&#8243; custom_padding=&#8221;|||&#8221; global_colors_info=&#8221;{}&#8221; custom_padding__hover=&#8221;|||&#8221;][\/et_pb_column][\/et_pb_row][\/et_pb_section]<\/p>\n","protected":false},"excerpt":{"rendered":"<p>Saubere Texte. Deutsch und fremdsprachig.\u00a0 Alles aus einer Hand! \u00a0 &nbsp; DAS LEKTORAT.DAS LEKTORAT. Korrektur, \u00dcbersetzung, Text. Perfektion f\u00fcr Werbetexte, PR und Unternehmenskommunikation! Wir sind Ihre erste Adresse f\u00fcr hochwertige Deutsch- und Fremdsprachenkorrekturen, fehlerfreie \u00dcbersetzungen sowie f\u00fcr die Neuerstellung von punktgenauen, deutschen und fremdsprachigen Texten. Saubere, fehlerfreie Texte unterstreichen anspruchsvolle Unternehmensphilosophie und kommunizieren Werte! LEKTORAT [&hellip;]<\/p>\n","protected":false},"author":1,"featured_media":0,"parent":0,"menu_order":0,"comment_status":"closed","ping_status":"closed","template":"","meta":{"_et_pb_use_builder":"on","_et_pb_old_content":"","_et_gb_content_width":""},"_links":{"self":[{"href":"https:\/\/www.das-lektorat.com\/index.php?rest_route=\/wp\/v2\/pages\/5090"}],"collection":[{"href":"https:\/\/www.das-lektorat.com\/index.php?rest_route=\/wp\/v2\/pages"}],"about":[{"href":"https:\/\/www.das-lektorat.com\/index.php?rest_route=\/wp\/v2\/types\/page"}],"author":[{"embeddable":true,"href":"https:\/\/www.das-lektorat.com\/index.php?rest_route=\/wp\/v2\/users\/1"}],"replies":[{"embeddable":true,"href":"https:\/\/www.das-lektorat.com\/index.php?rest_route=%2Fwp%2Fv2%2Fcomments&post=5090"}],"version-history":[{"count":24,"href":"https:\/\/www.das-lektorat.com\/index.php?rest_route=\/wp\/v2\/pages\/5090\/revisions"}],"predecessor-version":[{"id":5199,"href":"https:\/\/www.das-lektorat.com\/index.php?rest_route=\/wp\/v2\/pages\/5090\/revisions\/5199"}],"wp:attachment":[{"href":"https:\/\/www.das-lektorat.com\/index.php?rest_route=%2Fwp%2Fv2%2Fmedia&parent=5090"}],"curies":[{"name":"wp","href":"https:\/\/api.w.org\/{rel}","templated":true}]}}